{"id":181,"date":"2022-09-08T22:07:24","date_gmt":"2022-09-08T22:07:24","guid":{"rendered":"https:\/\/capa3d.com.mx\/tienda\/?post_type=product&#038;p=181"},"modified":"2022-09-09T00:52:04","modified_gmt":"2022-09-09T00:52:04","slug":"cortadores-de-galleta-fiestas-patrias-mexicanas","status":"publish","type":"product","link":"https:\/\/capa3d.com\/tienda\/producto\/cortadores-de-galleta-fiestas-patrias-mexicanas\/","title":{"rendered":"Cortadores de galleta fiestas patrias mexicanas"},"content":{"rendered":"<div class=\"\" data-block=\"true\" data-editor=\"3lgsu\" data-offset-key=\"89obf-0-0\">\n<div class=\"_1mf _1mj\" data-offset-key=\"89obf-0-0\"><span data-offset-key=\"89obf-0-0\">Kit de cortadores de galletas \/ fondant de fiestas patrias mexicanas \ud83c\uddf2\ud83c\uddfd<\/span><\/div>\n<div data-offset-key=\"89obf-0-0\"><\/div>\n<\/div>\n<div class=\"\" data-block=\"true\" data-editor=\"3lgsu\" data-offset-key=\"41asl-0-0\">\n<div class=\"_1mf _1mj\" data-offset-key=\"41asl-0-0\"><span data-offset-key=\"41asl-0-0\">\ud83d\udca5 Viva mexico, Adelita, Mariachi, Chile, Sombreros.<\/span><\/div>\n<\/div>\n<div class=\"\" data-block=\"true\" data-editor=\"3lgsu\" data-offset-key=\"bpvpm-0-0\">\n<div class=\"_1mf _1mj\" data-offset-key=\"bpvpm-0-0\"><span data-offset-key=\"bpvpm-0-0\">\ud83d\udca5 6 Piezas<\/span><\/div>\n<\/div>\n<div class=\"\" data-block=\"true\" data-editor=\"3lgsu\" data-offset-key=\"184kq-0-0\">\n<div class=\"_1mf _1mj\" data-offset-key=\"184kq-0-0\"><\/div>\n<div class=\"_1mf _1mj\" data-offset-key=\"184kq-0-0\"><span data-offset-key=\"184kq-0-0\">\u2705 Entrega personal San Luis Potos\u00ed o env\u00edo a todo M\u00e9xico<\/span><\/div>\n<\/div>\n","protected":false},"excerpt":{"rendered":"<p>Cortadores de galleta o fondant de fiestas patrias mexicanas e independencia de mexico.<\/p>\n","protected":false},"featured_media":182,"comment_status":"open","ping_status":"closed","template":"","meta":[],"product_cat":[26],"product_tag":[49,72],"class_list":{"0":"post-181","1":"product","2":"type-product","3":"status-publish","4":"has-post-thumbnail","6":"product_cat-cortadores","7":"product_tag-cortador","8":"product_tag-fiestas-patrias","10":"first","11":"instock","12":"shipping-taxable","13":"purchasable","14":"product-type-simple"},"jetpack_sharing_enabled":true,"jetpack-related-posts":[],"_links":{"self":[{"href":"https:\/\/capa3d.com\/tienda\/wp-json\/wp\/v2\/product\/181","targetHints":{"allow":["GET"]}}],"collection":[{"href":"https:\/\/capa3d.com\/tienda\/wp-json\/wp\/v2\/product"}],"about":[{"href":"https:\/\/capa3d.com\/tienda\/wp-json\/wp\/v2\/types\/product"}],"replies":[{"embeddable":true,"href":"https:\/\/capa3d.com\/tienda\/wp-json\/wp\/v2\/comments?post=181"}],"wp:featuredmedia":[{"embeddable":true,"href":"https:\/\/capa3d.com\/tienda\/wp-json\/wp\/v2\/media\/182"}],"wp:attachment":[{"href":"https:\/\/capa3d.com\/tienda\/wp-json\/wp\/v2\/media?parent=181"}],"wp:term":[{"taxonomy":"product_cat","embeddable":true,"href":"https:\/\/capa3d.com\/tienda\/wp-json\/wp\/v2\/product_cat?post=181"},{"taxonomy":"product_tag","embeddable":true,"href":"https:\/\/capa3d.com\/tienda\/wp-json\/wp\/v2\/product_tag?post=181"}],"curies":[{"name":"wp","href":"https:\/\/api.w.org\/{rel}","templated":true}]}}